{"id":1061,"date":"2022-03-11T18:46:38","date_gmt":"2022-03-11T17:46:38","guid":{"rendered":"https:\/\/gruenejugend-kiel.de\/?page_id=1061"},"modified":"2025-09-17T15:58:11","modified_gmt":"2025-09-17T14:58:11","slug":"landtagswahl-2022","status":"publish","type":"page","link":"https:\/\/gruenejugend-kiel.de\/?page_id=1061","title":{"rendered":"Gr\u00fcne Jugend im Parlament"},"content":{"rendered":"<p>Am 8. Mai 2022 wurden 2 Gr\u00fcne Jugend Kandidat*innen in den Landtag gew\u00e4hlt:<\/p>\n<p>&nbsp;<\/p>\n<p><img loading=\"lazy\" decoding=\"async\" class=\"\" src=\"https:\/\/nelly-waldeck.de\/wp-content\/uploads\/sites\/92\/2022\/11\/Nelly-32-683x1024.jpg\" width=\"374\" height=\"561\" \/>\u00a0 Mehr zu Nelly Waldeck finden ihr <a href=\"https:\/\/nelly-waldeck.de\">hier<\/a>.<\/p>\n<p><img loading=\"lazy\" decoding=\"async\" class=\"alignleft\" src=\"https:\/\/jasper-balke.de\/wp-content\/uploads\/2023\/03\/IMG_1162-1024x683.jpg\" width=\"367\" height=\"244\" \/> Mehr zu Jasper Balke finden ihr <a href=\"http:\/\/jasper-balke.de\">hier<\/a>.<\/p>\n<p>&nbsp;<\/p>\n<p>&nbsp;<\/p>\n<p>&nbsp;<\/p>\n<p>&nbsp;<\/p>\n<p>&nbsp;<\/p>\n<p>&nbsp;<\/p>\n<p>Am 01.09.2025 \u00fcbernahm eine Gr\u00fcne Jugend Kandidatin das Mandat im Bundestag<\/p>\n<p>&nbsp;<\/p>\n<p><img loading=\"lazy\" decoding=\"async\" class=\"alignnone wp-image-1641\" src=\"https:\/\/gruenejugend-kiel.de\/wp-content\/uploads\/2025\/09\/Mayra-226x300.png\" alt=\"\" width=\"329\" height=\"437\" srcset=\"https:\/\/gruenejugend-kiel.de\/wp-content\/uploads\/2025\/09\/Mayra-226x300.png 226w, https:\/\/gruenejugend-kiel.de\/wp-content\/uploads\/2025\/09\/Mayra-263x350.png 263w, https:\/\/gruenejugend-kiel.de\/wp-content\/uploads\/2025\/09\/Mayra-527x700.png 527w, https:\/\/gruenejugend-kiel.de\/wp-content\/uploads\/2025\/09\/Mayra.png 648w\" sizes=\"auto, (max-width: 329px) 100vw, 329px\" \/>Mehr zu Mayra Vriesema findet ihr <a href=\"https:\/\/www.instagram.com\/mayra.vriesema\/?hl=de\">hier<\/a>.<\/p>\n","protected":false},"excerpt":{"rendered":"<p>Am 8. Mai 2022 wurden 2 Gr\u00fcne Jugend Kandidat*innen in den Landtag gew\u00e4hlt: &nbsp; \u00a0 Mehr zu Nelly Waldeck finden ihr hier. Mehr zu Jasper Balke finden ihr hier. &nbsp; &nbsp; &nbsp; &nbsp; &nbsp; &nbsp; Am 01.09.2025 \u00fcbernahm eine Gr\u00fcne Jugend Kandidatin das Mandat im Bundestag &nbsp; Mehr zu Mayra Vriesema findet ihr hier.<\/p>\n","protected":false},"author":14,"featured_media":0,"parent":0,"menu_order":0,"comment_status":"closed","ping_status":"closed","template":"","meta":{"footnotes":""},"class_list":["post-1061","page","type-page","status-publish","hentry"],"_links":{"self":[{"href":"https:\/\/gruenejugend-kiel.de\/index.php?rest_route=\/wp\/v2\/pages\/1061","targetHints":{"allow":["GET"]}}],"collection":[{"href":"https:\/\/gruenejugend-kiel.de\/index.php?rest_route=\/wp\/v2\/pages"}],"about":[{"href":"https:\/\/gruenejugend-kiel.de\/index.php?rest_route=\/wp\/v2\/types\/page"}],"author":[{"embeddable":true,"href":"https:\/\/gruenejugend-kiel.de\/index.php?rest_route=\/wp\/v2\/users\/14"}],"replies":[{"embeddable":true,"href":"https:\/\/gruenejugend-kiel.de\/index.php?rest_route=%2Fwp%2Fv2%2Fcomments&post=1061"}],"version-history":[{"count":10,"href":"https:\/\/gruenejugend-kiel.de\/index.php?rest_route=\/wp\/v2\/pages\/1061\/revisions"}],"predecessor-version":[{"id":1644,"href":"https:\/\/gruenejugend-kiel.de\/index.php?rest_route=\/wp\/v2\/pages\/1061\/revisions\/1644"}],"wp:attachment":[{"href":"https:\/\/gruenejugend-kiel.de\/index.php?rest_route=%2Fwp%2Fv2%2Fmedia&parent=1061"}],"curies":[{"name":"wp","href":"https:\/\/api.w.org\/{rel}","templated":true}]}}