{"id":1222,"date":"2022-04-12T10:02:38","date_gmt":"2022-04-12T09:02:38","guid":{"rendered":"https:\/\/gruenejugend-kiel.de\/?page_id=1222"},"modified":"2022-06-05T10:58:56","modified_gmt":"2022-06-05T09:58:56","slug":"faq","status":"publish","type":"page","link":"https:\/\/gruenejugend-kiel.de\/?page_id=1222","title":{"rendered":"FAQ"},"content":{"rendered":"<p><strong>Was sind eigentlich die Aufgaben des Vorstandes?<\/strong><\/p>\n<p><strong>Sprecher*innen:<\/strong><br \/>\nDie Sprecher*innen repr\u00e4sentieren die Gr\u00fcne Jugend nach au\u00dfen. Dies umfasst die Kommunikation mit der Presse. Zudem leiten sie den Verband und die Arbeit im Vorstand. Meist sind sie die ersten Ansprechpersonen f\u00fcr Mitglieder und Externe. Sie vernetzen die Gr\u00fcne Jugend Kiel mit anderen Verb\u00e4nden und verantworten das politische Handeln des Verbandes.<\/p>\n<p><strong>Politische Gesch\u00e4ftsf\u00fchrung:<\/strong><br \/>\nDie politische Gesch\u00e4ftsf\u00fchrung ist f\u00fcr unsere innere Organisation verantwortlich. Sie organisiert Aktiventreffen und Mitgliederversammlungen. Zudem schreibt sie die Tagesordnung und sorgt daf\u00fcr, dass die Veranstaltungen reibungslos verlaufen. Kurz gesagt ist die politische Gesch\u00e4ftsf\u00fchrung die Person, die daf\u00fcr sorgt, dass alles funktioniert und eine politisch inhaltliche Arbeit m\u00f6glich ist. Meist ist sie auch die Person, die die Satzung am besten kennt, sodass alle Entscheidungen einen geordneten Weg gehen.<\/p>\n<p><strong>Schatzmeister*in:<\/strong><br \/>\nDie Schatzmeister*in verwaltet die Finanzen der Gr\u00fcnen Jugend Kiel. Dies geschieht auf der Grundlage des aufgestellten Haushaltsplanes. Mit der Verantwortung \u00fcber die Finanzen sorgt die Schatzmeister*in daf\u00fcr, dass die Projekte der Gr\u00fcnen Jugend ausreichend finanziert sind. Auch das bildet die Grundlage f\u00fcr unsere politische Arbeit. Am Ende eines jeden Jahres macht die Schatzmeister*in eine Abrechnung und legt die Ausgaben der Gr\u00fcnen Jugend den Mitgliedern offen.<\/p>\n<p><strong>Frauen*, Inter-, Nicht-Bin\u00e4re, Transpersonen und Genderpolitische*r Sprecher*in:<\/strong><br \/>\nDie FINT*- und Genderpolitische Sprecher*in sorgt f\u00fcr eine aktive FINT*-F\u00f6rderung innerhalb des Verbands. Dazu z\u00e4hlt zum Beispiel die Veranstaltung von FINT*-Stammtischen. Zudem tr\u00e4gt sie den Feminismus nach au\u00dfen und k\u00e4mpft mit uns f\u00fcr eine gerechtere Welt gegen das Patriarchat.<\/p>\n<p><strong>Beisitzer*innen:<\/strong><br \/>\nDie Besitzer*innen unterst\u00fctzen die Vorstandsarbeit beispielsweise bei der Organisation von Veranstaltungen. Zudem k\u00f6nnen sie eigene Schwerpunkte in ihrer politischen Arbeit w\u00e4hlen und diese an den Verband herantragen. Das Engagement der Besitzer*innen ist somit breit gef\u00e4chert und im Vorstand immer wieder unterschiedlich.<\/p>\n<p><strong>Arbeitskreis-Koordinator*innen:<\/strong><\/p>\n<p>Die Arbeitskreise treffen sich zur Behandlung spezifischer Themen innerhalb der GJ Kiel. Die Koordinator*innen sind f\u00fcr die Organisation zust\u00e4ndig und k\u00fcmmern sich sowohl um die politisch inhaltliche Arbeit, als auch um die Veranstaltung von Arbeitskreistreffen. Sie stellen die Ansprechpersonen gegen\u00fcber dem Vorstand dar, wobei sie sich bei Fragen auch immer an den Vorstand wenden k\u00f6nnen. Am Ende eines jeden Jahres m\u00fcssen die Koordinator*innen ihre Arbeit auf der Jahreshauptversammlung vorstellen.<\/p>\n<p>Zur Zeit haben wir zwei Arbeitskreise, n\u00e4mlich den Arbeitskreis Social Media und den Arbeitskreis Kommunales.<\/p>\n<p>Weiterer Inhalt folgt in K\u00fcrze!<\/p>\n","protected":false},"excerpt":{"rendered":"<p>Was sind eigentlich die Aufgaben des Vorstandes? Sprecher*innen: Die Sprecher*innen repr\u00e4sentieren die Gr\u00fcne Jugend nach au\u00dfen. Dies umfasst die Kommunikation mit der Presse. Zudem leiten sie den Verband und die Arbeit im Vorstand. Meist sind sie die ersten Ansprechpersonen f\u00fcr Mitglieder und Externe. Sie vernetzen die Gr\u00fcne Jugend Kiel mit anderen Verb\u00e4nden und verantworten das [&hellip;]<\/p>\n","protected":false},"author":14,"featured_media":0,"parent":0,"menu_order":0,"comment_status":"closed","ping_status":"closed","template":"","meta":{"footnotes":""},"class_list":["post-1222","page","type-page","status-publish","hentry"],"_links":{"self":[{"href":"https:\/\/gruenejugend-kiel.de\/index.php?rest_route=\/wp\/v2\/pages\/1222","targetHints":{"allow":["GET"]}}],"collection":[{"href":"https:\/\/gruenejugend-kiel.de\/index.php?rest_route=\/wp\/v2\/pages"}],"about":[{"href":"https:\/\/gruenejugend-kiel.de\/index.php?rest_route=\/wp\/v2\/types\/page"}],"author":[{"embeddable":true,"href":"https:\/\/gruenejugend-kiel.de\/index.php?rest_route=\/wp\/v2\/users\/14"}],"replies":[{"embeddable":true,"href":"https:\/\/gruenejugend-kiel.de\/index.php?rest_route=%2Fwp%2Fv2%2Fcomments&post=1222"}],"version-history":[{"count":7,"href":"https:\/\/gruenejugend-kiel.de\/index.php?rest_route=\/wp\/v2\/pages\/1222\/revisions"}],"predecessor-version":[{"id":1254,"href":"https:\/\/gruenejugend-kiel.de\/index.php?rest_route=\/wp\/v2\/pages\/1222\/revisions\/1254"}],"wp:attachment":[{"href":"https:\/\/gruenejugend-kiel.de\/index.php?rest_route=%2Fwp%2Fv2%2Fmedia&parent=1222"}],"curies":[{"name":"wp","href":"https:\/\/api.w.org\/{rel}","templated":true}]}}