{"id":5,"date":"2018-06-01T16:31:29","date_gmt":"2018-06-01T16:31:29","guid":{"rendered":"http:\/\/gruenejugend-kiel.de\/?page_id=5"},"modified":"2025-09-17T15:44:00","modified_gmt":"2025-09-17T14:44:00","slug":"ueber-uns","status":"publish","type":"page","link":"https:\/\/gruenejugend-kiel.de\/","title":{"rendered":"\u00dcber uns"},"content":{"rendered":"<h2><b>MOIN IHR LIEBEN, WIR SIND DIE GJ KIEL!<\/b><\/h2>\r\n<p><span style=\"font-weight: 400;\">Wir sind eine bunt zusammengew\u00fcrfelte Gruppe von jungen,\u00a0 engagierten Menschen, die Lust haben etwas zu ver\u00e4ndern.<\/span><\/p>\r\n<p><span style=\"font-weight: 400;\">Gemeinsam bewegen uns vor allem die Themen Klimagerechtigkeit, Antifaschismus, Queerfeminismus und Soziale Gerechtigkeit. Daf\u00fcr treffen wir uns w\u00f6chentlich zum Austausch, um verschiedene Veranstaltungen wie Demos, Aktionen oder Diskussionen zu organisieren und um uns gemeinsam weiterzubilden und zu vernetzen.<\/span><\/p>\r\n<p><span style=\"font-weight: 400;\">Eine offene Gruppe zu sein, in der sich jede*r willkommen und angenommen f\u00fchlt, ist uns sehr wichtig. Hauptsache wir k\u00f6nnen in unserer Verschiedenheit und mit unseren unterschiedlichen Lebensrealit\u00e4ten gemeinsam f\u00fcr eine soziale, \u00f6kologische und queerfeministische Zukunft k\u00e4mpfen.<\/span><\/p>\r\n<p><span style=\"font-weight: 400;\">In Kiel bewegen uns kommunal insbesondere das Thema Kreuzfahrt und Mobilit\u00e4tswende. Durch unseren Terminal fahren t\u00e4glich gro\u00dfe Kreuzfahrtschiffe ein und aus, die sowohl \u00f6kologisch als auch sozial eine Katastrophe darstellen. F\u00fcr uns ist klar: Hier muss sich einiges tun, damit der Hafen wieder ein Ort f\u00fcr alle sein kann. Au\u00dferdem m\u00f6chten wir, dass die Innenstadt wieder Platz f\u00fcr Menschen schafft statt nur f\u00fcr Autos. Daf\u00fcr fordern wir einen ausgebauten, g\u00fcnstigen \u00d6PNV, der das Auto in der Stadt \u00fcberfl\u00fcssig macht und eine langfristig autofreie Innenstadt. Unter anderem haben wir uns viel mit der Entkolonialisierung von Stra\u00dfennamen und dem Holstein Stadion befasst.\u00a0<\/span><\/p>\r\n<p><span style=\"font-weight: 400;\">Wir freuen uns, wenn Du mal bei einer Sitzung vorbeischaust! Um zum offenen Treffen zu kommen, brauchst Du kein Mitglied zu sein. Unsere Treffen versuchen wir immer zu unterschiedlichen Zeiten stattfinden zu lassen, sodass allen die M\u00f6glichkeit offen steht, mal zu kommen. Die Termine findest Du auf unserer Website oder auf unseren Social Media Kan\u00e4len, die wir unten verlinkt haben.<\/span><\/p>\r\n<p style=\"text-align: left;\"><a href=\"https:\/\/www.instagram.com\/gjkiel\/?hl=de\">Instagram\u00a0<\/a><\/p>\r\n<p>&nbsp;<\/p>\r\n<h2 class=\"bodytext\" style=\"text-align: left;\">Unser Vorstand:<\/h2>\r\n<p style=\"text-align: left;\">Sprecher*innen: Julia Gr\u00fcner und Theresa Wendker<\/p>\r\n<p style=\"text-align: left;\">Schatzmeister: Jonas Stolte<\/p>\r\n<p style=\"text-align: left;\">Politischer Gesch\u00e4ftsf\u00fchrer: Tjelle Wegener<\/p>\r\n<p style=\"text-align: left;\">FLINTA* &#8211; und Genderpolitische Sprecherin:Jo Schr\u00f6der<\/p>\r\n<p style=\"text-align: left;\">Beisitzerinnen: Valeria Stern und Maya <span class=\"motionTitle\">Diederichs<\/span><\/p>\r\n<p style=\"text-align: left;\">Kooptiertes Mitglied im KV Kiel B90\/Die Gr\u00fcnen : Jules Groth-Mietzsch<\/p>\r\n\r\n\r\n\r\n<p style=\"text-align: left;\">\u00a0<\/p>","protected":false},"excerpt":{"rendered":"<p>MOIN IHR LIEBEN, WIR SIND DIE GJ KIEL! Wir sind eine bunt zusammengew\u00fcrfelte Gruppe von jungen,\u00a0 engagierten Menschen, die Lust haben etwas zu ver\u00e4ndern. Gemeinsam bewegen uns vor allem die Themen Klimagerechtigkeit, Antifaschismus, Queerfeminismus und Soziale Gerechtigkeit. Daf\u00fcr treffen wir uns w\u00f6chentlich zum Austausch, um verschiedene Veranstaltungen wie Demos, Aktionen oder Diskussionen zu organisieren und [&hellip;]<\/p>\n","protected":false},"author":1,"featured_media":1634,"parent":0,"menu_order":0,"comment_status":"closed","ping_status":"closed","template":"home.php","meta":{"footnotes":""},"class_list":["post-5","page","type-page","status-publish","has-post-thumbnail","hentry"],"_links":{"self":[{"href":"https:\/\/gruenejugend-kiel.de\/index.php?rest_route=\/wp\/v2\/pages\/5","targetHints":{"allow":["GET"]}}],"collection":[{"href":"https:\/\/gruenejugend-kiel.de\/index.php?rest_route=\/wp\/v2\/pages"}],"about":[{"href":"https:\/\/gruenejugend-kiel.de\/index.php?rest_route=\/wp\/v2\/types\/page"}],"author":[{"embeddable":true,"href":"https:\/\/gruenejugend-kiel.de\/index.php?rest_route=\/wp\/v2\/users\/1"}],"replies":[{"embeddable":true,"href":"https:\/\/gruenejugend-kiel.de\/index.php?rest_route=%2Fwp%2Fv2%2Fcomments&post=5"}],"version-history":[{"count":55,"href":"https:\/\/gruenejugend-kiel.de\/index.php?rest_route=\/wp\/v2\/pages\/5\/revisions"}],"predecessor-version":[{"id":1635,"href":"https:\/\/gruenejugend-kiel.de\/index.php?rest_route=\/wp\/v2\/pages\/5\/revisions\/1635"}],"wp:featuredmedia":[{"embeddable":true,"href":"https:\/\/gruenejugend-kiel.de\/index.php?rest_route=\/wp\/v2\/media\/1634"}],"wp:attachment":[{"href":"https:\/\/gruenejugend-kiel.de\/index.php?rest_route=%2Fwp%2Fv2%2Fmedia&parent=5"}],"curies":[{"name":"wp","href":"https:\/\/api.w.org\/{rel}","templated":true}]}}