{"id":677,"date":"2021-01-02T17:52:20","date_gmt":"2021-01-02T16:52:20","guid":{"rendered":"http:\/\/gruenejugend-kiel.de\/?page_id=677"},"modified":"2025-05-03T15:52:43","modified_gmt":"2025-05-03T14:52:43","slug":"mach-mit","status":"publish","type":"page","link":"https:\/\/gruenejugend-kiel.de\/?page_id=677","title":{"rendered":"Mach mit!"},"content":{"rendered":"<h2><b>MITMACHEN BEI DER GR\u00dcNEN JUGEND<\/b><\/h2>\n<p><span style=\"font-weight: 400;\">Du willst bei der Gr\u00fcnen Jugend reinschnuppern? Hast Lust, in Kiel was zu bewegen? Dann komm doch einfach mal zu unserem Treffen.<\/span><\/p>\n<p><span style=\"font-weight: 400;\">Wir treffen uns immer mittwochs in der Zeit von 19:00 bis 21:00 Uhr. In der Regel findet es in der Landesgesch\u00e4ftsstelle von B\u00fcndnis 90\/Die Gr\u00fcnen Schleswig-Holstein am Alten Markt 9 statt. Gerade jetzt bieten wir viele verschiedene Aktionen auch drau\u00dfen an. Schau daf\u00fcr am besten auf Instagram vorbei und schreib uns eine DM.\u00a0<\/span><\/p>\n<p>Wir freuen uns, mit euch gemeinsam zu k\u00e4mpfen!<\/p>\n<p>&nbsp;<\/p>\n<p><img loading=\"lazy\" decoding=\"async\" class=\"alignleft wp-image-684 size-full\" src=\"https:\/\/gruenejugend-kiel.de\/wp-content\/uploads\/2021\/01\/P1022358-scaled.jpg\" alt=\"\" width=\"2560\" height=\"1920\" srcset=\"https:\/\/gruenejugend-kiel.de\/wp-content\/uploads\/2021\/01\/P1022358-scaled.jpg 2560w, https:\/\/gruenejugend-kiel.de\/wp-content\/uploads\/2021\/01\/P1022358-300x225.jpg 300w, https:\/\/gruenejugend-kiel.de\/wp-content\/uploads\/2021\/01\/P1022358-2048x1536.jpg 2048w\" sizes=\"auto, (max-width: 2560px) 100vw, 2560px\" \/><\/p>\n<h1>Aktiventreffen<\/h1>\n<p>Wir treffen uns regelm\u00e4\u00dfig, um \u00fcber verschiedene Themen zu diskutieren, zu h\u00f6ren, was kommunalpolitisch gerade so los ist, Aktionen zu planen und einfach zu quatschen. Du hast Lust mal dabei zu sein? Unsere Treffen machen wir\u00a0 am Mittwoch. Die Termine findest Du auf der Termin- Seite. Falls Du sie dort gerade nicht findest, schreib uns einfach an<a href=\"mailto:vorstand@gruenejugend-kiel.de\"> vorstand@gruenejugend-kiel.de<\/a><\/p>\n<h2><\/h2>\n<h1><img loading=\"lazy\" decoding=\"async\" class=\"alignright wp-image-686 size-full\" src=\"https:\/\/gruenejugend-kiel.de\/wp-content\/uploads\/2021\/01\/IMG_9112-scaled.jpg\" alt=\"\" width=\"2560\" height=\"1707\" srcset=\"https:\/\/gruenejugend-kiel.de\/wp-content\/uploads\/2021\/01\/IMG_9112-scaled.jpg 2560w, https:\/\/gruenejugend-kiel.de\/wp-content\/uploads\/2021\/01\/IMG_9112-300x200.jpg 300w, https:\/\/gruenejugend-kiel.de\/wp-content\/uploads\/2021\/01\/IMG_9112-768x512.jpg 768w, https:\/\/gruenejugend-kiel.de\/wp-content\/uploads\/2021\/01\/IMG_9112-2048x1365.jpg 2048w\" sizes=\"auto, (max-width: 2560px) 100vw, 2560px\" \/>Mitglied werden<\/h1>\n<p>Diese Vorteile hast Du als Mitglied:<\/p>\n<ul>\n<li>Mitbestimmung in der Politik und bei der Gr\u00fcnen Jugend<\/li>\n<li>die Teilnahme an Seminaren des Bundesverbandes werden dir erm\u00f6glichst<\/li>\n<li>Du kannst an\u00a0<a href=\"http:\/\/buko.gruene-jugend.de\/\">Bundeskongressen<\/a> und Landesmitgliederversammlungen der Gr\u00fcnen Jugend teilnehmen<\/li>\n<li>es gibt Fahrtkostenerstattung (Bahn, 2. Klasse, Bahncard) f\u00fcr bundesweite Workshops der Gr\u00fcnen Jugend<\/li>\n<li>Die Gr\u00fcne Jugend ist getrennt von den Gr\u00fcnen. Das hei\u00dft: Du kannst bei uns Mitglied werden, ohne gleichzeitig in die Partei eintreten zu m\u00fcssen<\/li>\n<li>Es gibt keinerlei Verpflichtung, Du kannst jederzeit wieder austreten<\/li>\n<\/ul>\n<p>Die GR\u00dcNE JUGEND hat f\u00fcr alle Menschen einen Mindestmitgliedsbeitrag von 20 Euro im Jahr. Wenn du diesen Beitrag nicht zahlen kannst, hast du selbstverst\u00e4ndlich die M\u00f6glichkeit, dich davon befreien zu lassen. Im ersten Jahr kannst du ein Schnupperjahr machen und die Mitgliedschaft ist kostenlos.<\/p>\n<p>Um Mitglied bei der GR\u00dcNEN JUGEND Schleswig-Holstein zu werden, musst Du nur <a href=\"https:\/\/gruene-jugend.de\/mitglied-werden\/\">dieses Formular<\/a> ausf\u00fcllen und es abschicken.<\/p>\n<p>Du musst nicht Mitglied sein um an unseren Veranstaltungen teilzunehmen, komm einfach mal vorbei!<\/p>\n<h1>Spenden:<\/h1>\n<p>F\u00fcr unsere politische Arbeit sind wir auf finanzielle Unterst\u00fctzung angewiesen. Mit deiner Hilfe k\u00f6nnen wir Wahlkampfmaterialien wie Flyer, Plakate etc. drucken lassen. Wir k\u00f6nnen in unsere ehrenamtliche Basisarbeit investieren, R\u00e4ume f\u00fcr Veransaltungen buchen oder Farbe f\u00fcr Banner kaufen. Mit nur 20 Euro k\u00f6nnen wir zum Beispiel einen ganzen Wahlkampfstand mit Infoflyern ausstatten!<\/p>\n<p>Spenden kannst du hier:<\/p>\n<h4>\u00dcBERWEISUNG<\/h4>\n<p>IBAN: DE45 1009 0000 2627 7040 06<\/p>\n<p>BIC: BEVODEBBXXX<\/p>\n<p>Empf\u00e4nger: GR\u00dcNE JUGEND Bundesverband<\/p>\n<p>Berliner Volksbank<\/p>\n","protected":false},"excerpt":{"rendered":"<p>MITMACHEN BEI DER GR\u00dcNEN JUGEND Du willst bei der Gr\u00fcnen Jugend reinschnuppern? Hast Lust, in Kiel was zu bewegen? Dann komm doch einfach mal zu unserem Treffen. Wir treffen uns immer mittwochs in der Zeit von 19:00 bis 21:00 Uhr. In der Regel findet es in der Landesgesch\u00e4ftsstelle von B\u00fcndnis 90\/Die Gr\u00fcnen Schleswig-Holstein am Alten [&hellip;]<\/p>\n","protected":false},"author":10,"featured_media":0,"parent":0,"menu_order":0,"comment_status":"closed","ping_status":"closed","template":"","meta":{"footnotes":""},"class_list":["post-677","page","type-page","status-publish","hentry"],"_links":{"self":[{"href":"https:\/\/gruenejugend-kiel.de\/index.php?rest_route=\/wp\/v2\/pages\/677","targetHints":{"allow":["GET"]}}],"collection":[{"href":"https:\/\/gruenejugend-kiel.de\/index.php?rest_route=\/wp\/v2\/pages"}],"about":[{"href":"https:\/\/gruenejugend-kiel.de\/index.php?rest_route=\/wp\/v2\/types\/page"}],"author":[{"embeddable":true,"href":"https:\/\/gruenejugend-kiel.de\/index.php?rest_route=\/wp\/v2\/users\/10"}],"replies":[{"embeddable":true,"href":"https:\/\/gruenejugend-kiel.de\/index.php?rest_route=%2Fwp%2Fv2%2Fcomments&post=677"}],"version-history":[{"count":15,"href":"https:\/\/gruenejugend-kiel.de\/index.php?rest_route=\/wp\/v2\/pages\/677\/revisions"}],"predecessor-version":[{"id":1627,"href":"https:\/\/gruenejugend-kiel.de\/index.php?rest_route=\/wp\/v2\/pages\/677\/revisions\/1627"}],"wp:attachment":[{"href":"https:\/\/gruenejugend-kiel.de\/index.php?rest_route=%2Fwp%2Fv2%2Fmedia&parent=677"}],"curies":[{"name":"wp","href":"https:\/\/api.w.org\/{rel}","templated":true}]}}