{"id":8,"date":"2018-06-01T16:32:40","date_gmt":"2018-06-01T16:32:40","guid":{"rendered":"http:\/\/gruenejugend-kiel.de\/?page_id=8"},"modified":"2023-11-11T22:19:42","modified_gmt":"2023-11-11T21:19:42","slug":"impressum","status":"publish","type":"page","link":"https:\/\/gruenejugend-kiel.de\/?page_id=8","title":{"rendered":"Impressum"},"content":{"rendered":"<div class=\"csc-header csc-header-n1\">\n<h1 class=\"csc-firstHeader\">Impressum<\/h1>\n<\/div>\n<p class=\"bodytext\"><b>B\u00dcNDNIS 90\/DIE GR\u00dcNEN Kreisverband Kiel<\/b><\/p>\n<p class=\"bodytext\"><b>Vertretungsberechtigt: Julia Gr\u00fcner (pol. Gesch\u00e4ftsf\u00fchrung)<br \/>\nAlter Markt 9<br \/>\n24103 Kiel<\/b><\/p>\n<p class=\"bodytext\">T 0431 593 38 30<br \/>\nM\u00a0<a class=\"none\">kgf[at]gruene-kiel.de<\/a><\/p>\n<h4><strong>Inhaltlich Verantwortlich gem\u00e4\u00df \u00a7 55 Absatz 2 RStV (Rundfunkstaatsvertrag) und \u00a7 5 Telemediengesetz (TMG):<\/strong><\/h4>\n<p>Julia Gr\u00fcner (pol. Gesch\u00e4ftf\u00fchrung)<br \/>\nc\/o Gr\u00fcne Jugend Kiel<br \/>\nAlter Markt 9<br \/>\n24103 Kiel<\/p>\n<h3><strong>DATENSCHUTZERKL\u00c4RUNG<\/strong><\/h3>\n<p>Der Schutz Deiner pers\u00f6nlichen Daten ist uns ein besonderes Anliegen. Wir verarbeiten Deine Daten daher ausschlie\u00dflich auf Grundlage der gesetzlichen Bestimmungen (EU-Datenschutzgrundverordnung, Telemediengesetz). In diesen Datenschutzinformationen informieren wir Dich \u00fcber die wichtigsten Aspekte der Datenverarbeitung im Rahmen unserer Website.<\/p>\n<h4><strong>KONTAKT zu UNS<\/strong><\/h4>\n<p>Wenn per E-Mail Kontakt mit uns aufnimmst, werden Deine angegebenen Daten zwecks Bearbeitung der Anfrage und f\u00fcr den Fall von Anschlussfragen bei uns gespeichert. Emails an \u00a0<a href=\"mailto:vorstand@gruene-jugend-koeln.de\">vorstand@gruenejugend-kiel.de<\/a>\u00a0gehen dem gesamten Vorstand zu.<\/p>\n<p>Pers\u00f6nliche Kommunikation mit einzelnen Vorstandsmitgliedern oder Angestellten geht nur der jeweiligen Person zu. Jedes Vorstandsmitglied ist eigenverantwortlich mit der L\u00f6schung betraut. Das Emailkonto wird binnen eines Jahres nach dem Ausscheiden aus dem letzten Amt in der Gr\u00fcnen Jugend K\u00f6ln gel\u00f6scht. Es besteht ein Administrationszugang mittels gesondertem Passwort. Dieser darf nicht genutzt werden, um das Postgeheimnis zu brechen.<\/p>\n<h4><strong>DATENL\u00d6SCHUNG UND SPEICHERUNG<\/strong><\/h4>\n<p>Pers\u00f6nliche Daten, die Du bei GR\u00dcNE JUGEND KIEL, Landesgesch\u00e4ftsstelle Alter Markt 9 24103 Kiel elektronisch oder postalisch \u00fcbermittelst, z.B. Deinen Namen, Postanschrift, E-Mail-Adresse oder andere pers\u00f6nlichen Angaben, werden von uns nur zum jeweils angegebenen Zweck verwendet, sicher verwahrt und gel\u00f6scht oder gesperrt, sobald der Zweck der Speicherung entf\u00e4llt. Eine l\u00e4ngere Speicherung kann dann erfolgen, wenn der L\u00f6schung eine gesetzliche Aufbewahrungsfrist z.B. entsprechend des Parteienrechts entgegensteht.\u00a0 Die GR\u00dcNE JUGEND Kiel wird Dir nur Informationen zuschicken, sofern Du Mitglied unseres Verbandes bist oder Dich f\u00fcr entsprechende Dienste angemeldet hast.<\/p>\n<h4><strong>RECHTSGRUNDLAGE<\/strong><\/h4>\n<p>Die Datenverarbeitung erfolgt auf Basis der gesetzlichen Bestimmungen und folgender Rechtsgrundlagen:<\/p>\n<p>\u2013 Einwilligung<\/p>\n<p>\u2013 Vertragserf\u00fcllung oder vorvertragliche Ma\u00dfnahmen<\/p>\n<p>\u2013 rechtliche Verpflichtungen<\/p>\n<p>\u2013 Zur Wahrung eines berechtigten Interesses. Die Interessen, Grundrechte und Grundfreiheiten der Betroffenen \u00fcberwiegen das erstgenannte Interesse nicht.<\/p>\n<h4><strong>VERWENDUNG VON COOKIES<\/strong><\/h4>\n<p>Unsere Website verwendet so genannte Cookies. Dabei handelt es sich um kleine Textdateien, die mit Hilfe des Browsers auf Deinem Endger\u00e4t abgelegt werden. Sie richten keinen Schaden an.<\/p>\n<p>Wir nutzen Cookies dazu, unser Angebot nutzerfreundlich zu gestalten. Einige Cookies bleiben auf Deinem Endger\u00e4t gespeichert, bis Du diese l\u00f6schst. Sie erm\u00f6glichen es uns, Deinen Browser beim n\u00e4chsten Besuch wiederzuerkennen.<\/p>\n<p>Wenn Du dies nicht w\u00fcnschst, kannst Du Deinen Browser so einrichten, dass er Dich \u00fcber das Setzen von Cookies informiert und Du dies nur im Einzelfall erlauben. Bei der Deaktivierung von Cookies kann die Funktionalit\u00e4t unserer Website eingeschr\u00e4nkt sein.<\/p>\n<p>Netscape, Mozilla, Firefox: -&gt;Bearbeiten -&gt;Einstellungen -&gt;Erweitert -&gt;Cookies<br \/>\nExplorer: -&gt;Ansicht -&gt;Internetoptionen -&gt;Erweitert -&gt;Cookies<\/p>\n<h4><strong>LINKS ZU ANDEREN WEBSEITEN<\/strong><\/h4>\n<p>Unser Angebot enth\u00e4lt Links zu externen Webseiten Dritter, auf deren Inhalte wir keinen Einfluss haben. Deshalb k\u00f6nnen wir f\u00fcr diese fremden Inhalte auch keine Gew\u00e4hr \u00fcbernehmen. F\u00fcr die Inhalte der verlinkten Seiten ist stets der jeweilige Anbieter oder Betreiber der Seiten verantwortlich. Die verlinkten Seiten wurden zum Zeitpunkt der Verlinkung auf m\u00f6gliche Rechtsverst\u00f6\u00dfe \u00fcberpr\u00fcft. Rechtswidrige Inhalte waren zum Zeitpunkt der Verlinkung nicht erkennbar. Eine permanente inhaltliche Kontrolle der verlinkten Seiten ist jedoch ohne konkrete Anhaltspunkte einer Rechtsverletzung nicht zumutbar. Bei bekannt werden von Rechtsverletzungen werden wir derartige Links umgehend entfernen.<\/p>\n<h4><strong>DEINE RECHTE<\/strong><\/h4>\n<p>Dir stehen grunds\u00e4tzlich die Rechte auf Auskunft, Berichtigung, L\u00f6schung, Einschr\u00e4nkung, Daten\u00fcbertragbarkeit, Widerruf und Widerspruch zu. Wenn Du glaubst, dass die Verarbeitung Deiner Daten gegen das Datenschutzrecht verst\u00f6\u00dft oder Deine datenschutzrechtlichen Anspr\u00fcche sonst in einer Weise verletzt worden sind, kannst Du Dich bei der Aufsichtsbeh\u00f6rde beschweren. In Deutschland sind dies die jeweiligen Landes-Datenschutzbeauftragten.<\/p>\n<p>&nbsp;<\/p>\n<p class=\"bodytext\">Auf unserer Webseite wird die Schriftart Open Sans vonSteve Matteson verwendet. Diese unterliegt der Apache License, Version 2.0. Siehe:\u00a0<a href=\"https:\/\/www.gruene.de\/service\/impressum.html\" target=\"_blank\" rel=\"noopener\">www.gruene.de\/service\/impressum.html<\/a><\/p>\n","protected":false},"excerpt":{"rendered":"<p>Impressum B\u00dcNDNIS 90\/DIE GR\u00dcNEN Kreisverband Kiel Vertretungsberechtigt: Julia Gr\u00fcner (pol. Gesch\u00e4ftsf\u00fchrung) Alter Markt 9 24103 Kiel T 0431 593 38 30 M\u00a0kgf[at]gruene-kiel.de Inhaltlich Verantwortlich gem\u00e4\u00df \u00a7 55 Absatz 2 RStV (Rundfunkstaatsvertrag) und \u00a7 5 Telemediengesetz (TMG): Julia Gr\u00fcner (pol. Gesch\u00e4ftf\u00fchrung) c\/o Gr\u00fcne Jugend Kiel Alter Markt 9 24103 Kiel DATENSCHUTZERKL\u00c4RUNG Der Schutz Deiner pers\u00f6nlichen Daten [&hellip;]<\/p>\n","protected":false},"author":1,"featured_media":0,"parent":0,"menu_order":0,"comment_status":"closed","ping_status":"closed","template":"","meta":{"footnotes":""},"class_list":["post-8","page","type-page","status-publish","hentry"],"_links":{"self":[{"href":"https:\/\/gruenejugend-kiel.de\/index.php?rest_route=\/wp\/v2\/pages\/8","targetHints":{"allow":["GET"]}}],"collection":[{"href":"https:\/\/gruenejugend-kiel.de\/index.php?rest_route=\/wp\/v2\/pages"}],"about":[{"href":"https:\/\/gruenejugend-kiel.de\/index.php?rest_route=\/wp\/v2\/types\/page"}],"author":[{"embeddable":true,"href":"https:\/\/gruenejugend-kiel.de\/index.php?rest_route=\/wp\/v2\/users\/1"}],"replies":[{"embeddable":true,"href":"https:\/\/gruenejugend-kiel.de\/index.php?rest_route=%2Fwp%2Fv2%2Fcomments&post=8"}],"version-history":[{"count":4,"href":"https:\/\/gruenejugend-kiel.de\/index.php?rest_route=\/wp\/v2\/pages\/8\/revisions"}],"predecessor-version":[{"id":1521,"href":"https:\/\/gruenejugend-kiel.de\/index.php?rest_route=\/wp\/v2\/pages\/8\/revisions\/1521"}],"wp:attachment":[{"href":"https:\/\/gruenejugend-kiel.de\/index.php?rest_route=%2Fwp%2Fv2%2Fmedia&parent=8"}],"curies":[{"name":"wp","href":"https:\/\/api.w.org\/{rel}","templated":true}]}}